{"id":70340,"date":"2020-01-30T15:40:49","date_gmt":"2020-01-30T15:40:49","guid":{"rendered":"http:\/\/dev.donaclara.de\/data-security"},"modified":"2021-09-24T09:59:39","modified_gmt":"2021-09-24T09:59:39","slug":"data-security","status":"publish","type":"page","link":"https:\/\/donaclara.de\/en\/data-security\/","title":{"rendered":"Legal information"},"content":{"rendered":"<p>[vc_row type=&#8221;container&#8221; padding_top=&#8221;&#8221; padding_bottom=&#8221;&#8221; css=&#8221;.vc_custom_1580399944464{padding-top: 20px !important;}&#8221;][vc_column][vc_column_text]Dona Clara<br \/>\nInhaberin: Murielle Gu\u00e9guen<br \/>\nSieben H\u00fcgel 4<br \/>\n33615 Bielefeld<br \/>\nGermany<\/p>\n<p><strong>Telephone<\/strong>: 0179-6856384 (Mo-Fr 9-17 Uhr)<br \/>\n<strong>E-Mail<\/strong>: <a href=\"mailto:info@donaclara.de\">info@donaclara.de<\/a><br \/>\n<strong>VAT ID-No.<\/strong>: DE306796931<\/p>\n<p style=\"text-align: left;\">The use of contact data for commercial advertising purposes is explicitly forbidden, unless the supplier in question has already given his\/her written consent or a business relationship already exists.<\/p>\n<h3><strong>Notice to users<\/strong><\/h3>\n<p style=\"text-align: left;\">Although the content on our website was compiled with great care, the internet is a highly dynamic medium, so individual items\/links may have become obsolete or inaccurate without our knowledge. This also applies to links to other websites.<\/p>\n<h3><strong>Data Privacy Statement<\/strong><\/h3>\n<ol>\n<li>\n<h3>Data privacy at a glance<\/h3>\n<h4>General information<\/h4>\n<p style=\"text-align: left;\">The information below gives you a short overview of what happens to your personal data when you visit our website. Personal data are all or any data which allow you to be identified in person. For detailed information about data privacy, please see our Data Privacy Statement below.<\/p>\n<h4>Data collection on our website<\/h4>\n<p style=\"text-align: left;\"><strong>Who is responsible for data collection on this website?<\/strong><\/p>\n<p style=\"text-align: left;\">Data processing on this website is the responsibility of the website owner, who can be contacted at the address stated in the Legal Information section.<\/p>\n<p style=\"text-align: left;\"><strong>How do we collect your data?<\/strong><\/p>\n<p style=\"text-align: left;\">One type of data we collect is the data you send to us, for example when you fill in a contact form.<\/p>\n<p style=\"text-align: left;\">Other data \u2013 mainly technical data, such as the web browser used, operating system and time the page was accessed \u2013 are collected automatically by our IT systems when you visit the website. This data is collected automatically as soon as you access our website.<\/p>\n<p style=\"text-align: left;\"><strong>What are your data used for?<\/strong><\/p>\n<p style=\"text-align: left;\">Some data is collected to ensure the error-free provision of services on the website. Other data can be used to analyse how you use the website.<\/p>\n<h4>What are your rights concerning your data?<\/h4>\n<p style=\"text-align: left;\">You are entitled to information about the origin, recipient and purpose of personal data stored, free of charge and at any time. You are also entitled to demand the rectification, blocking or deletion of these data. If you have any questions about this or any other matters related to data privacy, please do not hesitate to contact us at the address stated under Legal Information. You are also entitled to lodge a complaint with the responsible supervisory authority.<\/p>\n<h4>Analysis tools and third-party tools<\/h4>\n<p style=\"text-align: left;\">Your browsing behaviour may be statistically analysed when you visit our website, mainly by using cookies and what are known as analyser programs. In general, your browser behaviour is analysed anonymously and cannot be associated with you personally. You are entitled to object to this analysis or prevent it by not utilising certain tools. Please see the Data Privacy Statement below for more detailed information.<\/p>\n<p style=\"text-align: left;\">You are entitled to object to this analysis. We will inform you about how to lodge an objection in the course of this Data Privacy Statement.<\/p>\n<\/li>\n<li>\n<h3>General information and mandatory information Data Privacy<\/h3>\n<p style=\"text-align: left;\">The owners of this website take the privacy of your personal data very seriously. We treat your personal data confidentially and in accordance with statutory data privacy requirements and the provisions of this Data Privacy Statement.<\/p>\n<p style=\"text-align: left;\">Various personal data are collected when you visit this website. Personal data are data with which it is possible to identify you in person. This Data Privacy Statement explains what data we collect, how we use them, and for what purpose.<\/p>\n<p style=\"text-align: left;\">Please be advised that there is a risk of security breaches when data are transmitted via the internet (e.g. in the form of communication by e-mail). It is not possible to completely eliminate the risk of third parties gaining access to data.<\/p>\n<h4>Information on data controller<\/h4>\n<p style=\"text-align: left;\">The data controller for data processing on this website is:<\/p>\n<p style=\"text-align: center;\">Dona Clara<br \/>\nProprietor: Murielle Gu\u00e9guen<br \/>\nSieben H\u00fcgel 4<br \/>\n33615 Bielefeld<br \/>\nGermany<\/p>\n<p style=\"text-align: center;\">Telephone: 0179-6856384 (Mo-Fr 9-17 Uhr)<br \/>\nE-Mail: <a href=\"mailto:info@donaclara.de\">info@donaclara.de<\/a><\/p>\n<p style=\"text-align: left;\">The data controller is the natural or legal person with sole or joint power of decision over the purpose and means of processing personal data (e.g. names, e-mail addresses etc.).<\/p>\n<h4>Widerruf Ihrer Einwilligung zur Datenverarbeitung<\/h4>\n<p style=\"text-align: left;\">Viele Datenverarbeitungsvorg\u00e4nge sind nur mit Ihrer ausdr\u00fccklichen Einwilligung m\u00f6glich. Sie k\u00f6nnen eine bereits erteilte Einwilligung jederzeit widerrufen. Dazu reicht eine formlose Mitteilung per E-Mail an uns. Die Rechtm\u00e4\u00dfigkeit der bis zum Widerruf erfolgten Datenverarbeitung bleibt vom Widerruf unber\u00fchrt.<\/p>\n<h4>Beschwerderecht bei der zust\u00e4ndigen Aufsichtsbeh\u00f6rde<\/h4>\n<p style=\"text-align: left;\">Im Falle datenschutzrechtlicher Verst\u00f6\u00dfe steht dem Betroffenen ein Beschwerderecht bei der zust\u00e4ndigen Aufsichtsbeh\u00f6rde zu. Zust\u00e4ndige Aufsichtsbeh\u00f6rde in datenschutzrechtlichen Fragen ist der Landesdatenschutzbeauftragte des Bundeslandes, in dem unser Unternehmen seinen Sitz hat. Eine Liste der Datenschutzbeauftragten sowie deren Kontaktdaten k\u00f6nnen folgendem Link entnommen werden: <a href=\"https:\/\/www.bfdi.bund.de\/DE\/Infothek\/Anschriften_Links\/anschriften_links-node.html\" target=\"_blank\" rel=\"noopener noreferrer\">https:\/\/www.bfdi.bund.de\/DE\/Infothek\/Anschriften_Links\/anschriften_links-node.html<\/a>.<\/p>\n<h4>Recht auf Daten\u00fcbertragbarkeit<\/h4>\n<p style=\"text-align: left;\">Sie haben das Recht, Daten, die wir auf Grundlage Ihrer Einwilligung oder in Erf\u00fcllung eines Vertrags automatisiert verarbeiten, an sich oder an einen Dritten in einem g\u00e4ngigen, maschinenlesbaren Format aush\u00e4ndigen zu lassen. Sofern Sie die direkte \u00dcbertragung der Daten an einen anderen Verantwortlichen verlangen, erfolgt dies nur, soweit es technisch machbar ist.<\/p>\n<h4>SSL- bzw. TLS-Verschl\u00fcsselung<\/h4>\n<p style=\"text-align: left;\">Diese Seite nutzt aus Sicherheitsgr\u00fcnden und zum Schutz der \u00dcbertragung vertraulicher Inhalte, wie zum Beispiel Bestellungen oder Anfragen, die Sie an uns als Seitenbetreiber senden, eine SSL-bzw. TLS-Verschl\u00fcsselung. Eine verschl\u00fcsselte Verbindung erkennen Sie daran, dass die Adresszeile des Browsers von \u201chttps:\/\/\u201d auf \u201chttps:\/\/\u201d wechselt und an dem Schloss-Symbol in Ihrer Browserzeile.<\/p>\n<p style=\"text-align: left;\">Wenn die SSL- bzw. TLS-Verschl\u00fcsselung aktiviert ist, k\u00f6nnen die Daten, die Sie an uns \u00fcbermitteln, nicht von Dritten mitgelesen werden.<\/p>\n<h4>Verschl\u00fcsselter Zahlungsverkehr auf dieser Website<\/h4>\n<p style=\"text-align: left;\">Besteht nach dem Abschluss eines kostenpflichtigen Vertrags eine Verpflichtung, uns Ihre Zahlungsdaten (z.B. Kontonummer bei Einzugserm\u00e4chtigung) zu \u00fcbermitteln, werden diese Daten zur Zahlungsabwicklung ben\u00f6tigt.<\/p>\n<p style=\"text-align: left;\">Der Zahlungsverkehr \u00fcber die g\u00e4ngigen Zahlungsmittel (Visa\/MasterCard, Lastschriftverfahren) erfolgt ausschlie\u00dflich \u00fcber eine verschl\u00fcsselte SSL- bzw. TLS-Verbindung. Eine verschl\u00fcsselte Verbindung erkennen Sie daran, dass die Adresszeile des Browsers von &#8220;https:\/\/&#8221; auf &#8220;https:\/\/&#8221; wechselt und an dem Schloss-Symbol in Ihrer Browserzeile.<\/p>\n<p style=\"text-align: left;\">Bei verschl\u00fcsselter Kommunikation k\u00f6nnen Ihre Zahlungsdaten, die Sie an uns \u00fcbermitteln, nicht von Dritten mitgelesen werden.<\/p>\n<h4>Auskunft, Sperrung, L\u00f6schung<\/h4>\n<p style=\"text-align: left;\">Sie haben im Rahmen der geltenden gesetzlichen Bestimmungen jederzeit das Recht auf unentgeltliche Auskunft \u00fcber Ihre gespeicherten personenbezogenen Daten, deren Herkunft und Empf\u00e4nger und den Zweck der Datenverarbeitung und ggf. ein Recht auf Berichtigung, Sperrung oder L\u00f6schung dieser Daten. Hierzu sowie zu weiteren Fragen zum Thema personenbezogene Daten k\u00f6nnen Sie sich jederzeit unter der im Impressum angegebenen Adresse an uns wenden.<\/p>\n<h4>Widerspruch gegen Werbe-Mails<\/h4>\n<p style=\"text-align: left;\">Der Nutzung von im Rahmen der Impressumspflicht ver\u00f6ffentlichten Kontaktdaten zur \u00dcbersendung von nicht ausdr\u00fccklich angeforderter Werbung und Informationsmaterialien wird hiermit widersprochen. Die Betreiber der Seiten behalten sich ausdr\u00fccklich rechtliche Schritte im Falle der unverlangten Zusendung von Werbeinformationen, etwa durch Spam-E-Mails, vor.<\/p>\n<\/li>\n<li>\n<h3>Datenerfassung auf unserer Website Cookies<\/h3>\n<p style=\"text-align: left;\">Die Internetseiten verwenden teilweise so genannte Cookies. Cookies richten auf Ihrem Rechner keinen Schaden an und enthalten keine Viren. Cookies dienen dazu, unser Angebot nutzerfreundlicher, effektiver und sicherer zu machen. Cookies sind kleine Textdateien, die auf Ihrem Rechner abgelegt werden und die Ihr Browser speichert.<\/p>\n<p style=\"text-align: left;\">Die meisten der von uns verwendeten Cookies sind so genannte \u201cSession-Cookies\u201d. Sie werden nach Ende Ihres Besuchs automatisch gel\u00f6scht. Andere Cookies bleiben auf Ihrem Endger\u00e4t gespeichert bis Sie diese l\u00f6schen. Diese Cookies erm\u00f6glichen es uns, Ihren Browser beim n\u00e4chsten Besuch wiederzuerkennen.<\/p>\n<p style=\"text-align: left;\">Sie k\u00f6nnen Ihren Browser so einstellen, dass Sie \u00fcber das Setzen von Cookies informiert werden und Cookies nur im Einzelfall erlauben, die Annahme von Cookies f\u00fcr bestimmte F\u00e4lle oder generell ausschlie\u00dfen sowie das automatische L\u00f6schen der Cookies beim Schlie\u00dfen des Browser aktivieren. Bei der Deaktivierung von Cookies kann die Funktionalit\u00e4t dieser Website eingeschr\u00e4nkt sein.<\/p>\n<p style=\"text-align: left;\">Cookies, die zur Durchf\u00fchrung des elektronischen Kommunikationsvorgangs oder zur Bereitstellung bestimmter, von Ihnen erw\u00fcnschter Funktionen (z.B. Warenkorbfunktion) erforderlich sind, werden auf Grundlage von Art. 6 Abs. 1 lit. f DSGVO gespeichert. Der Websitebetreiber hat ein berechtigtes Interesse an der Speicherung von Cookies zur technisch fehlerfreien und optimierten Bereitstellung seiner Dienste. Soweit andere Cookies (z.B. Cookies zur Analyse Ihres Surfverhaltens) gespeichert werden, werden diese in dieser Datenschutzerkl\u00e4rung gesondert behandelt.<\/p>\n<h4>Kontaktformular<\/h4>\n<p style=\"text-align: left;\">Wenn Sie uns per Kontaktformular Anfragen zukommen lassen, werden Ihre Angaben aus dem Anfrageformular inklusive der von Ihnen dort angegebenen Kontaktdaten zwecks Bearbeitung der Anfrage und f\u00fcr den Fall von Anschlussfragen bei uns gespeichert. Diese Daten geben wir nicht ohne Ihre Einwilligung weiter.<\/p>\n<p style=\"text-align: left;\">Die Verarbeitung der in das Kontaktformular eingegebenen Daten erfolgt somit ausschlie\u00dflich auf Grundlage Ihrer Einwilligung (Art. 6 Abs. 1 lit. a DSGVO). Sie k\u00f6nnen diese Einwilligung jederzeit widerrufen. Dazu reicht eine formlose Mitteilung per E-Mail an uns. Die Rechtm\u00e4\u00dfigkeit der bis zum Widerruf erfolgten Datenverarbeitungsvorg\u00e4nge bleibt vom Widerruf unber\u00fchrt.<\/p>\n<p style=\"text-align: left;\">Die von Ihnen im Kontaktformular eingegebenen Daten verbleiben bei uns, bis Sie uns zur L\u00f6schung auffordern, Ihre Einwilligung zur Speicherung widerrufen oder der Zweck f\u00fcr die Datenspeicherung entf\u00e4llt (z.B. nach abgeschlossener Bearbeitung Ihrer Anfrage). Zwingende gesetzliche Bestimmungen \u2013 insbesondere Aufbewahrungsfristen \u2013 bleiben unber\u00fchrt.<\/p>\n<h4>Registrierung auf dieser Website<\/h4>\n<p style=\"text-align: left;\">Sie k\u00f6nnen sich auf unserer Website registrieren, um zus\u00e4tzliche Funktionen auf der Seite zu nutzen. Die dazu eingegebenen Daten verwenden wir nur zum Zwecke der Nutzung des jeweiligen Angebotes oder Dienstes, f\u00fcr den Sie sich registriert haben. Die bei der Registrierung abgefragten Pflichtangaben m\u00fcssen vollst\u00e4ndig angegeben werden. Anderenfalls werden wir die Registrierung ablehnen.<\/p>\n<p style=\"text-align: left;\">F\u00fcr wichtige \u00c4nderungen etwa beim Angebotsumfang oder bei technisch notwendigen \u00c4nderungen nutzen wir die bei der Registrierung angegebene E-Mail-Adresse, um Sie auf diesem Wege zu informieren.<\/p>\n<p style=\"text-align: left;\">Die Verarbeitung der bei der Registrierung eingegebenen Daten erfolgt auf Grundlage Ihrer Einwilligung (Art. 6 Abs. 1 lit. a DSGVO). Sie k\u00f6nnen eine von Ihnen erteilte Einwilligung jederzeit widerrufen. Dazu reicht eine formlose Mitteilung per E-Mail an uns. Die Rechtm\u00e4\u00dfigkeit der bereits erfolgten Datenverarbeitung bleibt vom Widerruf unber\u00fchrt.<\/p>\n<p style=\"text-align: left;\">Die bei der Registrierung erfassten Daten werden von uns gespeichert, solange Sie auf unserer Website registriert sind und werden anschlie\u00dfend gel\u00f6scht. Gesetzliche Aufbewahrungsfristen bleiben unber\u00fchrt.<\/p>\n<h4>Daten\u00fcbermittlung bei Vertragsschluss f\u00fcr Online-Shops, H\u00e4ndler und Warenversand<\/h4>\n<p>Wir \u00fcbermitteln personenbezogene Daten an Dritte nur dann, wenn dies im Rahmen der Vertragsabwicklung notwendig ist, etwa an die mit der Lieferung der Ware betrauten Unternehmen oder das mit der Zahlungsabwicklung beauftragte Kreditinstitut. Eine weitergehende \u00dcbermittlung der Daten erfolgt nicht bzw. nur dann, wenn Sie der \u00dcbermittlung ausdr\u00fccklich zugestimmt haben. Eine Weitergabe Ihrer Daten an Dritte ohne ausdr\u00fcckliche Einwilligung, etwa zu Zwecken der Werbung, erfolgt nicht.<\/p>\n<p>Grundlage f\u00fcr die Datenverarbeitung ist Art. 6 Abs. 1 lit. b DSGVO, der die Verarbeitung von Daten zur Erf\u00fcllung eines Vertrags oder vorvertraglicher Ma\u00dfnahmen gestattet.<\/li>\n<\/ol>\n<p>[\/vc_column_text][\/vc_column][\/vc_row]<\/p>\n","protected":false},"excerpt":{"rendered":"<p>[vc_row type=&#8221;container&#8221; padding_top=&#8221;&#8221; padding_bottom=&#8221;&#8221; css=&#8221;.vc_custom_1580399944464{padding-top: 20px !important;}&#8221;][vc_column][vc_column_text]Dona Clara Inhaberin: Murielle Gu\u00e9guen Sieben H\u00fcgel 4 33615 Bielefeld Germany Telephone: 0179-6856384 (Mo-Fr 9-17 Uhr) E-Mail: info@donaclara.de VAT ID-No.: DE306796931 The use of contact data for commercial advertising purposes is explicitly forbidden, unless the supplier in question has already given his\/her written consent or a business relationship already exists. Notice to users Although the content on our website was compiled with great care, the internet is a highly dynamic medium, so individual items\/links may have become obsolete or [&hellip;]<\/p>\n","protected":false},"author":1,"featured_media":0,"parent":0,"menu_order":0,"comment_status":"closed","ping_status":"closed","template":"page-full-width.php","meta":{"_acf_changed":false,"footnotes":""},"class_list":["post-70340","page","type-page","status-publish","hentry","fpd-variation-needed"],"acf":[],"yoast_head":"<!-- This site is optimized with the Yoast SEO plugin v27.5 - https:\/\/yoast.com\/product\/yoast-seo-wordpress\/ -->\n<title>Legal information - Dona Clara<\/title>\n<meta name=\"robots\" content=\"index, follow, max-snippet:-1, max-image-preview:large, max-video-preview:-1\" \/>\n<link rel=\"canonical\" href=\"https:\/\/donaclara.de\/en\/data-security\/\" \/>\n<meta property=\"og:locale\" content=\"en_US\" \/>\n<meta property=\"og:type\" content=\"article\" \/>\n<meta property=\"og:title\" content=\"Legal information - Dona Clara\" \/>\n<meta property=\"og:description\" content=\"[vc_row type=&#8221;container&#8221; padding_top=&#8221;&#8221; padding_bottom=&#8221;&#8221; css=&#8221;.vc_custom_1580399944464{padding-top: 20px !important;}&#8221;][vc_column][vc_column_text]Dona Clara Inhaberin: Murielle Gu\u00e9guen Sieben H\u00fcgel 4 33615 Bielefeld Germany Telephone: 0179-6856384 (Mo-Fr 9-17 Uhr) E-Mail: info@donaclara.de VAT ID-No.: DE306796931 The use of contact data for commercial advertising purposes is explicitly forbidden, unless the supplier in question has already given his\/her written consent or a business relationship already exists. Notice to users Although the content on our website was compiled with great care, the internet is a highly dynamic medium, so individual items\/links may have become obsolete or [&hellip;]\" \/>\n<meta property=\"og:url\" content=\"https:\/\/donaclara.de\/en\/data-security\/\" \/>\n<meta property=\"og:site_name\" content=\"Dona Clara\" \/>\n<meta property=\"article:modified_time\" content=\"2021-09-24T09:59:39+00:00\" \/>\n<meta name=\"twitter:card\" content=\"summary_large_image\" \/>\n<meta name=\"twitter:label1\" content=\"Est. reading time\" \/>\n\t<meta name=\"twitter:data1\" content=\"9 minutes\" \/>\n<script type=\"application\/ld+json\" class=\"yoast-schema-graph\">{\"@context\":\"https:\\\/\\\/schema.org\",\"@graph\":[{\"@type\":\"WebPage\",\"@id\":\"https:\\\/\\\/donaclara.de\\\/en\\\/data-security\\\/\",\"url\":\"https:\\\/\\\/donaclara.de\\\/en\\\/data-security\\\/\",\"name\":\"Legal information - Dona Clara\",\"isPartOf\":{\"@id\":\"https:\\\/\\\/donaclara.de\\\/#website\"},\"datePublished\":\"2020-01-30T15:40:49+00:00\",\"dateModified\":\"2021-09-24T09:59:39+00:00\",\"breadcrumb\":{\"@id\":\"https:\\\/\\\/donaclara.de\\\/en\\\/data-security\\\/#breadcrumb\"},\"inLanguage\":\"en-US\",\"potentialAction\":[{\"@type\":\"ReadAction\",\"target\":[\"https:\\\/\\\/donaclara.de\\\/en\\\/data-security\\\/\"]}]},{\"@type\":\"BreadcrumbList\",\"@id\":\"https:\\\/\\\/donaclara.de\\\/en\\\/data-security\\\/#breadcrumb\",\"itemListElement\":[{\"@type\":\"ListItem\",\"position\":1,\"name\":\"Home\",\"item\":\"https:\\\/\\\/donaclara.de\\\/\"},{\"@type\":\"ListItem\",\"position\":2,\"name\":\"Legal information\"}]},{\"@type\":\"WebSite\",\"@id\":\"https:\\\/\\\/donaclara.de\\\/#website\",\"url\":\"https:\\\/\\\/donaclara.de\\\/\",\"name\":\"Dona Clara\",\"description\":\"Fine Taste\",\"potentialAction\":[{\"@type\":\"SearchAction\",\"target\":{\"@type\":\"EntryPoint\",\"urlTemplate\":\"https:\\\/\\\/donaclara.de\\\/?s={search_term_string}\"},\"query-input\":{\"@type\":\"PropertyValueSpecification\",\"valueRequired\":true,\"valueName\":\"search_term_string\"}}],\"inLanguage\":\"en-US\"}]}<\/script>\n<!-- \/ Yoast SEO plugin. -->","yoast_head_json":{"title":"Legal information - Dona Clara","robots":{"index":"index","follow":"follow","max-snippet":"max-snippet:-1","max-image-preview":"max-image-preview:large","max-video-preview":"max-video-preview:-1"},"canonical":"https:\/\/donaclara.de\/en\/data-security\/","og_locale":"en_US","og_type":"article","og_title":"Legal information - Dona Clara","og_description":"[vc_row type=&#8221;container&#8221; padding_top=&#8221;&#8221; padding_bottom=&#8221;&#8221; css=&#8221;.vc_custom_1580399944464{padding-top: 20px !important;}&#8221;][vc_column][vc_column_text]Dona Clara Inhaberin: Murielle Gu\u00e9guen Sieben H\u00fcgel 4 33615 Bielefeld Germany Telephone: 0179-6856384 (Mo-Fr 9-17 Uhr) E-Mail: info@donaclara.de VAT ID-No.: DE306796931 The use of contact data for commercial advertising purposes is explicitly forbidden, unless the supplier in question has already given his\/her written consent or a business relationship already exists. Notice to users Although the content on our website was compiled with great care, the internet is a highly dynamic medium, so individual items\/links may have become obsolete or [&hellip;]","og_url":"https:\/\/donaclara.de\/en\/data-security\/","og_site_name":"Dona Clara","article_modified_time":"2021-09-24T09:59:39+00:00","twitter_card":"summary_large_image","twitter_misc":{"Est. reading time":"9 minutes"},"schema":{"@context":"https:\/\/schema.org","@graph":[{"@type":"WebPage","@id":"https:\/\/donaclara.de\/en\/data-security\/","url":"https:\/\/donaclara.de\/en\/data-security\/","name":"Legal information - Dona Clara","isPartOf":{"@id":"https:\/\/donaclara.de\/#website"},"datePublished":"2020-01-30T15:40:49+00:00","dateModified":"2021-09-24T09:59:39+00:00","breadcrumb":{"@id":"https:\/\/donaclara.de\/en\/data-security\/#breadcrumb"},"inLanguage":"en-US","potentialAction":[{"@type":"ReadAction","target":["https:\/\/donaclara.de\/en\/data-security\/"]}]},{"@type":"BreadcrumbList","@id":"https:\/\/donaclara.de\/en\/data-security\/#breadcrumb","itemListElement":[{"@type":"ListItem","position":1,"name":"Home","item":"https:\/\/donaclara.de\/"},{"@type":"ListItem","position":2,"name":"Legal information"}]},{"@type":"WebSite","@id":"https:\/\/donaclara.de\/#website","url":"https:\/\/donaclara.de\/","name":"Dona Clara","description":"Fine Taste","potentialAction":[{"@type":"SearchAction","target":{"@type":"EntryPoint","urlTemplate":"https:\/\/donaclara.de\/?s={search_term_string}"},"query-input":{"@type":"PropertyValueSpecification","valueRequired":true,"valueName":"search_term_string"}}],"inLanguage":"en-US"}]}},"jetpack_sharing_enabled":true,"_links":{"self":[{"href":"https:\/\/donaclara.de\/en\/wp-json\/wp\/v2\/pages\/70340","targetHints":{"allow":["GET"]}}],"collection":[{"href":"https:\/\/donaclara.de\/en\/wp-json\/wp\/v2\/pages"}],"about":[{"href":"https:\/\/donaclara.de\/en\/wp-json\/wp\/v2\/types\/page"}],"author":[{"embeddable":true,"href":"https:\/\/donaclara.de\/en\/wp-json\/wp\/v2\/users\/1"}],"replies":[{"embeddable":true,"href":"https:\/\/donaclara.de\/en\/wp-json\/wp\/v2\/comments?post=70340"}],"version-history":[{"count":12,"href":"https:\/\/donaclara.de\/en\/wp-json\/wp\/v2\/pages\/70340\/revisions"}],"predecessor-version":[{"id":71761,"href":"https:\/\/donaclara.de\/en\/wp-json\/wp\/v2\/pages\/70340\/revisions\/71761"}],"wp:attachment":[{"href":"https:\/\/donaclara.de\/en\/wp-json\/wp\/v2\/media?parent=70340"}],"curies":[{"name":"wp","href":"https:\/\/api.w.org\/{rel}","templated":true}]}}